{"id":997,"date":"2026-02-11T14:19:08","date_gmt":"2026-02-11T13:19:08","guid":{"rendered":"https:\/\/huitres-cabelguen.com\/accueil\/?page_id=997"},"modified":"2026-02-11T14:19:08","modified_gmt":"2026-02-11T13:19:08","slug":"livraison-dhuitres-et-de-coquillages-en-bretagne","status":"publish","type":"page","link":"https:\/\/huitres-cabelguen.com\/accueil\/livraison-dhuitres-et-de-coquillages-en-bretagne\/","title":{"rendered":"Livraison d\u2019hu\u00eetres et de coquillages en Bretagne"},"content":{"rendered":"\n<h1 class=\"wp-block-heading\">Coquillages dans le Golf du Morbihan<\/h1>\n\n\n\n<p>Vous \u00eates \u00e0 la recherche d\u2019une entreprise qui livre des hu\u00eetres et coquillages frais&nbsp;? En plus de vous proposer de la <a href=\"file:\/\/\/home\/pascal\/www.huitres-cabelguen.com\/index.html%3Fp=549.html\">vente directe<\/a> \u00e0 notre \u00e9tablissement, Les Ets CABELGUEN effectuent \u00e9galement la livraison de ses produits de la mer. Depuis 1975, nous avons \u00e9tendu notre activit\u00e9 en envoyant nos hu\u00eetres en <strong>France m\u00e9tropolitaine et \u00e0 l\u2019export<\/strong>, gr\u00e2ce \u00e0 notre circuit d\u2019exp\u00e9dition fra\u00eecheur.<\/p>\n\n\n\n<h3 class=\"wp-block-heading\"><strong>Vous \u00eates un particulier&nbsp;:<\/strong><\/h3>\n\n\n\n<p><strong>Recevoir nos produits \u00e0 votre domicile :<\/strong>&nbsp;pas de soucis, d\u2019octobre \u00e0 mars nous r\u00e9alisons des exp\u00e9ditions par messagerie sp\u00e9cifique produits frais. Vous recevrez votre commande sous 24 heures \u00e0 l\u2019adresse souhait\u00e9e.<\/p>\n\n\n\n<h3 class=\"wp-block-heading\"><strong>Vous \u00eates un professionnel :<\/strong><\/h3>\n\n\n\n<p>Nous r\u00e9alisons des exp\u00e9ditions tous les matins en fonction de vos besoins du jour.<\/p>\n\n\n\n<p>Votre commande est pr\u00e9par\u00e9e \u00e0 la derni\u00e8re minute par notre \u00e9quipe pour vous garantir la fra\u00eecheur de nos produits.<\/p>\n\n\n\n<p>Les commandes sont ensuite confi\u00e9es \u00e0 nos partenaires du transport frigorifique \u00e0 la Gare Mar\u00e9e de Lorient, qui vous livre sur vos lieux habituels.<\/p>\n\n\n\n<p><strong>N\u2019h\u00e9sitez pas \u00e0 nous contacter pour plus de renseignements.<\/strong> Nous sommes joignables par t\u00e9l\u00e9phone, par mail ou en remplissant notre <a href=\"file:\/\/\/home\/pascal\/www.huitres-cabelguen.com\/index.html%3Fp=10.html\">formulaire de contact en ligne<\/a>.<\/p>\n","protected":false},"excerpt":{"rendered":"<p>Coquillages dans le Golf du Morbihan Vous \u00eates \u00e0 la recherche d\u2019une entreprise qui livre des hu\u00eetres et coquillages frais&nbsp;? En plus de vous proposer de la vente directe \u00e0 notre \u00e9tablissement, Les Ets CABELGUEN effectuent \u00e9galement la livraison de ses produits de la mer. Depuis 1975, nous avons \u00e9tendu notre activit\u00e9 en envoyant nos [&hellip;]<\/p>\n","protected":false},"author":1,"featured_media":0,"parent":0,"menu_order":0,"comment_status":"closed","ping_status":"closed","template":"","meta":{"footnotes":""},"class_list":["post-997","page","type-page","status-publish","hentry"],"_hostinger_reach_plugin_has_subscription_block":false,"_hostinger_reach_plugin_is_elementor":false,"_links":{"self":[{"href":"https:\/\/huitres-cabelguen.com\/accueil\/wp-json\/wp\/v2\/pages\/997","targetHints":{"allow":["GET"]}}],"collection":[{"href":"https:\/\/huitres-cabelguen.com\/accueil\/wp-json\/wp\/v2\/pages"}],"about":[{"href":"https:\/\/huitres-cabelguen.com\/accueil\/wp-json\/wp\/v2\/types\/page"}],"author":[{"embeddable":true,"href":"https:\/\/huitres-cabelguen.com\/accueil\/wp-json\/wp\/v2\/users\/1"}],"replies":[{"embeddable":true,"href":"https:\/\/huitres-cabelguen.com\/accueil\/wp-json\/wp\/v2\/comments?post=997"}],"version-history":[{"count":1,"href":"https:\/\/huitres-cabelguen.com\/accueil\/wp-json\/wp\/v2\/pages\/997\/revisions"}],"predecessor-version":[{"id":999,"href":"https:\/\/huitres-cabelguen.com\/accueil\/wp-json\/wp\/v2\/pages\/997\/revisions\/999"}],"wp:attachment":[{"href":"https:\/\/huitres-cabelguen.com\/accueil\/wp-json\/wp\/v2\/media?parent=997"}],"curies":[{"name":"wp","href":"https:\/\/api.w.org\/{rel}","templated":true}]}}