{"id":981,"date":"2026-02-11T13:38:42","date_gmt":"2026-02-11T12:38:42","guid":{"rendered":"https:\/\/huitres-cabelguen.com\/accueil\/?page_id=981"},"modified":"2026-02-11T13:54:58","modified_gmt":"2026-02-11T12:54:58","slug":"vente-directe-dhuitres-dans-le-golfe-du-morbihan","status":"publish","type":"page","link":"https:\/\/huitres-cabelguen.com\/accueil\/vente-directe-dhuitres-dans-le-golfe-du-morbihan\/","title":{"rendered":"Vente directe d\u2019hu\u00eetres dans le Golfe du Morbihan"},"content":{"rendered":"\n<h1 class=\"wp-block-heading\">\u00c9levage et vente directe d\u2019hu\u00eetres\u00a0<\/h1>\n\n\n\n<p id=\"block-4fdc37b0-4d31-4ed7-9f07-bd7da2e2d8c1\">Vous \u00eates \u00e0 la recherche d\u2019hu\u00eetres de qualit\u00e9 ? Que vous soyez un particulier, un restaurateur ou un grossiste, faites confiance aux ostr\u00e9iculteurs professionnels de Cabelguen ! Forts de notre <a href=\"file:\/\/\/home\/pascal\/www.huitres-cabelguen.com\/index.html%3Fp=8.html\">savoir-faire<\/a> traditionnel et de notre longue exp\u00e9rience, nous sommes sp\u00e9cialis\u00e9s dans l\u2019\u00e9levage d\u2019hu\u00eetres et de coquillages \u00e0 Locmariaquer.<\/p>\n\n\n\n<p id=\"block-0324b145-1f35-4257-b55b-b3e62c18e4d9\">Toute l\u2019ann\u00e9e, nous vous proposons des produits d\u2019exception made in Bretagne. Pour favoriser l\u2019acc\u00e8s \u00e0 nos produits, nous avons mis en place la <strong>vente directe de nos hu\u00eetres dans le Golfe du Morbihan<\/strong>, \u00e0 retrouver dans notre \u00e9tablissement. Go\u00fbtez \u00e0 nos hu\u00eetres pour d\u00e9couvrir des saveurs nouvelles, voyage culinaire garantit&nbsp;!<\/p>\n\n\n\n<h3 class=\"wp-block-heading\" id=\"block-beb90a1d-2388-4d1c-9c83-cc0897fd3ea0\">Des coquillages en vente directe, au d\u00e9tail ou en bourriche<\/h3>\n\n\n\n<p id=\"block-c4b17baf-eba0-40ce-af98-aa24b1e8dc06\"><strong>De passage ou r\u00e9sidents \u00e0 Locmariaquer,<\/strong>&nbsp;nous vous accueillons au sein de notre \u00e9tablissement du lundi au vendredi (8h \u00e0 12h&nbsp;puis de 14h \u00e0 18h30). En venant \u00e0 l\u2019\u00e9tablissement, vous d\u00e9couvrirez nos structures d\u2019\u00e9levage et aurez la possibilit\u00e9 d\u2019\u00e9changer avec nous. Passionn\u00e9s par notre m\u00e9tier, nous aurons \u00e0 c\u0153ur de vous faire d\u00e9couvrir les coulisses de l\u2019ostr\u00e9iculture.<\/p>\n\n\n\n<p id=\"block-8300c8d4-b6f6-4ce9-ba85-727f9f0fef42\">Si vous ne pouvez pas vous d\u00e9placer \u00e0 Locmariaquer, nous proposons \u00e9galement la <a href=\"file:\/\/\/home\/pascal\/www.huitres-cabelguen.com\/index.html%3Fp=550.html\">livraison<\/a> de nos produits dans toute la France. Pour en savoir plus sur notre <strong>vente directe d\u2019hu\u00eetres dans le Golfe du Morbihan<\/strong>, n\u2019h\u00e9sitez pas \u00e0 <a href=\"file:\/\/\/home\/pascal\/www.huitres-cabelguen.com\/index.html%3Fp=10.html\">nous contacter<\/a> par t\u00e9l\u00e9phone ou par mail.<\/p>\n\n\n\n<figure class=\"wp-block-image\" id=\"block-1819ddf2-2a96-4917-bc00-a1f33a17cecd\"><img decoding=\"async\" src=\"https:\/\/huitres-cabelguen.com\/wp-content\/uploads\/2026\/02\/huitres-cabelguen-morbihan-locmariaquer-parc-768x576-1.jpg\" alt=\"L\u2019attribut alt de cette image est vide, son nom de fichier est huitres-cabelguen-morbihan-locmariaquer-parc-768x576-1.jpg.\"\/><\/figure>\n","protected":false},"excerpt":{"rendered":"<p>\u00c9levage et vente directe d\u2019hu\u00eetres\u00a0 Vous \u00eates \u00e0 la recherche d\u2019hu\u00eetres de qualit\u00e9 ? Que vous soyez un particulier, un restaurateur ou un grossiste, faites confiance aux ostr\u00e9iculteurs professionnels de Cabelguen ! Forts de notre savoir-faire traditionnel et de notre longue exp\u00e9rience, nous sommes sp\u00e9cialis\u00e9s dans l\u2019\u00e9levage d\u2019hu\u00eetres et de coquillages \u00e0 Locmariaquer. Toute l\u2019ann\u00e9e, [&hellip;]<\/p>\n","protected":false},"author":1,"featured_media":0,"parent":0,"menu_order":0,"comment_status":"closed","ping_status":"closed","template":"","meta":{"footnotes":""},"class_list":["post-981","page","type-page","status-publish","hentry"],"_hostinger_reach_plugin_has_subscription_block":false,"_hostinger_reach_plugin_is_elementor":false,"_links":{"self":[{"href":"https:\/\/huitres-cabelguen.com\/accueil\/wp-json\/wp\/v2\/pages\/981","targetHints":{"allow":["GET"]}}],"collection":[{"href":"https:\/\/huitres-cabelguen.com\/accueil\/wp-json\/wp\/v2\/pages"}],"about":[{"href":"https:\/\/huitres-cabelguen.com\/accueil\/wp-json\/wp\/v2\/types\/page"}],"author":[{"embeddable":true,"href":"https:\/\/huitres-cabelguen.com\/accueil\/wp-json\/wp\/v2\/users\/1"}],"replies":[{"embeddable":true,"href":"https:\/\/huitres-cabelguen.com\/accueil\/wp-json\/wp\/v2\/comments?post=981"}],"version-history":[{"count":2,"href":"https:\/\/huitres-cabelguen.com\/accueil\/wp-json\/wp\/v2\/pages\/981\/revisions"}],"predecessor-version":[{"id":986,"href":"https:\/\/huitres-cabelguen.com\/accueil\/wp-json\/wp\/v2\/pages\/981\/revisions\/986"}],"wp:attachment":[{"href":"https:\/\/huitres-cabelguen.com\/accueil\/wp-json\/wp\/v2\/media?parent=981"}],"curies":[{"name":"wp","href":"https:\/\/api.w.org\/{rel}","templated":true}]}}