{"id":898,"date":"2026-02-06T12:55:04","date_gmt":"2026-02-06T12:55:04","guid":{"rendered":"https:\/\/huitres-cabelguen.com\/?page_id=898"},"modified":"2026-02-11T13:23:03","modified_gmt":"2026-02-11T12:23:03","slug":"notre-savoir-faire-2","status":"publish","type":"page","link":"https:\/\/huitres-cabelguen.com\/accueil\/notre-savoir-faire-2\/","title":{"rendered":"Notre savoir faire"},"content":{"rendered":"\n<h1 class=\"wp-block-heading\">Notre m\u00e9tier : un savoir-faire, un terroir et trois ans de patience<\/h1>\n\n\n\n<p>Pour vous proposer une assiette d\u2019hu\u00eetres savoureuses, notre \u00e9quipe exp\u00e9riment\u00e9e \u00e0 un&nbsp;<strong>vrai savoir-faire<\/strong>&nbsp;qui lui permet d\u2019apporter une attention particuli\u00e8re \u00e0 toutes les \u00e9tapes de l\u2019\u00e9levage, en tenant compte des al\u00e9as climatiques, de la lutte contre les pr\u00e9dateurs et des gestes coutumiers.<\/p>\n\n\n\n<p><strong>Notre terroir<\/strong>, situ\u00e9 \u00e0 l\u2019entr\u00e9e du Golfe du Morbihan, nous permet de vous proposer des hu\u00eetres charnues et iod\u00e9es.<\/p>\n\n\n\n<p>C\u2019est dans ce lieu unique, haut lieu de la&nbsp;<strong>conchyculture&nbsp;<\/strong>que s\u2019op\u00e8re un savant m\u00e9lange d\u2019eau douce de la rivi\u00e8re d\u2019Auray et d\u2019eau sal\u00e9e de la baie de Quiberon, dans les tr\u00e8s forts courants de la pointe de Kerpenhir.<\/p>\n\n\n\n<figure class=\"wp-block-image size-full\"><img loading=\"lazy\" decoding=\"async\" width=\"1024\" height=\"768\" src=\"https:\/\/huitres-cabelguen.com\/wp-content\/uploads\/2026\/02\/les-parcs-a-huitres-1.jpg\" alt=\"Producteurs d\u2019hu\u00eetres dans le Golfe du Morbihan\" class=\"wp-image-970\" title=\"Producteurs d'hu\u00eetres dans le Golfe du Morbihan\" srcset=\"https:\/\/huitres-cabelguen.com\/wp-content\/uploads\/2026\/02\/les-parcs-a-huitres-1.jpg 1024w, https:\/\/huitres-cabelguen.com\/wp-content\/uploads\/2026\/02\/les-parcs-a-huitres-1-300x225.jpg 300w, https:\/\/huitres-cabelguen.com\/wp-content\/uploads\/2026\/02\/les-parcs-a-huitres-1-768x576.jpg 768w\" sizes=\"auto, (max-width: 1024px) 100vw, 1024px\" \/><figcaption class=\"wp-element-caption\">Producteurs d\u2019hu\u00eetres dans le Golfe du Morbihan<\/figcaption><\/figure>\n\n\n\n<p><a href=\"file:\/\/\/home\/pascal\/www.huitres-cabelguen.com\/wp-content\/uploads\/2021\/06\/les-parcs-a-huitres.jpg\"><\/a><\/p>\n\n\n\n<p><em>Voilier de tradition &nbsp;\u00bb Le SINAGOT &nbsp;\u00bb devant les parcs d\u2019\u00e9levage<\/em><\/p>\n\n\n\n<h2 class=\"wp-block-heading\">Les \u00e9tapes de production de l\u2019hu\u00eetre dans le Golfe du Morbihan<\/h2>\n\n\n\n<figure class=\"wp-block-image size-large\"><img loading=\"lazy\" decoding=\"async\" width=\"1024\" height=\"768\" src=\"https:\/\/huitres-cabelguen.com\/wp-content\/uploads\/2026\/02\/captage-1-1024x768.jpg\" alt=\"Le captage des jeunes hu\u00eetres\" class=\"wp-image-971\" title=\"KONICA MINOLTA DIGITAL CAMERA\" srcset=\"https:\/\/huitres-cabelguen.com\/wp-content\/uploads\/2026\/02\/captage-1-1024x768.jpg 1024w, https:\/\/huitres-cabelguen.com\/wp-content\/uploads\/2026\/02\/captage-1-300x225.jpg 300w, https:\/\/huitres-cabelguen.com\/wp-content\/uploads\/2026\/02\/captage-1-768x576.jpg 768w, https:\/\/huitres-cabelguen.com\/wp-content\/uploads\/2026\/02\/captage-1-1536x1152.jpg 1536w, https:\/\/huitres-cabelguen.com\/wp-content\/uploads\/2026\/02\/captage-1.jpg 2048w\" sizes=\"auto, (max-width: 1024px) 100vw, 1024px\" \/><figcaption class=\"wp-element-caption\">Le captage des jeunes hu\u00eetres<\/figcaption><\/figure>\n\n\n\n<p><a href=\"file:\/\/\/home\/pascal\/www.huitres-cabelguen.com\/wp-content\/uploads\/2021\/07\/captage.jpg\"><\/a><\/p>\n\n\n\n<p><em>Le captage des jeunes hu\u00eetres<\/em><\/p>\n\n\n\n<h3 class=\"wp-block-heading\">Le captage des jeunes hu\u00eetres :<\/h3>\n\n\n\n<p>En \u00e9t\u00e9, les hu\u00eetres se reproduisent. Des millions d\u2019\u0153ufs sont f\u00e9cond\u00e9s par les gam\u00e8tes lib\u00e9r\u00e9s dans l\u2019eau pour devenir des larves.<\/p>\n\n\n\n<p>Gr\u00e2ce aux collecteurs plac\u00e9s, les jeunes hu\u00eetres trouvent le milieu favorable pour se fixer et se d\u00e9velopper.<\/p>\n\n\n\n<p>Le d\u00e9but du parcours jusqu\u2019\u00e0 votre assiette est lanc\u00e9.<\/p>\n\n\n\n<h3 class=\"wp-block-heading\">Le d\u00e9troquage :<\/h3>\n\n\n\n<p>Apr\u00e8s un an, les hu\u00eetres sont d\u00e9tach\u00e9es de leur collecteur ce qu\u2019on appelle le d\u00e9troquage. On les met ensuite dans des poches grillag\u00e9es pour les placer dans nos parcs d\u2019\u00e9levage.<\/p>\n\n\n\n<figure class=\"wp-block-image size-full\"><img loading=\"lazy\" decoding=\"async\" width=\"768\" height=\"550\" src=\"https:\/\/huitres-cabelguen.com\/wp-content\/uploads\/2026\/02\/le-naissain-a-6-mois-1.jpg\" alt=\"Le naissain d\u00e9troqu\u00e9 \u00e0 6 mois\" class=\"wp-image-973\" title=\"le-naissain-a-6-mois\" srcset=\"https:\/\/huitres-cabelguen.com\/wp-content\/uploads\/2026\/02\/le-naissain-a-6-mois-1.jpg 768w, https:\/\/huitres-cabelguen.com\/wp-content\/uploads\/2026\/02\/le-naissain-a-6-mois-1-300x215.jpg 300w\" sizes=\"auto, (max-width: 768px) 100vw, 768px\" \/><figcaption class=\"wp-element-caption\">Le naissain d\u00e9troqu\u00e9 \u00e0 6 mois<\/figcaption><\/figure>\n\n\n\n<p><a href=\"file:\/\/\/home\/pascal\/www.huitres-cabelguen.com\/wp-content\/uploads\/2021\/06\/le-naissain-a-6-mois.jpg\"><\/a><\/p>\n\n\n\n<p><em>Le naissain d\u00e9troqu\u00e9 \u00e0 6 mois<\/em><\/p>\n\n\n\n<figure class=\"wp-block-image size-full\"><img loading=\"lazy\" decoding=\"async\" width=\"1024\" height=\"768\" src=\"https:\/\/huitres-cabelguen.com\/wp-content\/uploads\/2026\/02\/nos-parcs-d-elevage-1.jpg\" alt=\"Nos parcs d\u2019\u00e9levage\" class=\"wp-image-974\" title=\"nos-parcs-d-elevage\" srcset=\"https:\/\/huitres-cabelguen.com\/wp-content\/uploads\/2026\/02\/nos-parcs-d-elevage-1.jpg 1024w, https:\/\/huitres-cabelguen.com\/wp-content\/uploads\/2026\/02\/nos-parcs-d-elevage-1-300x225.jpg 300w, https:\/\/huitres-cabelguen.com\/wp-content\/uploads\/2026\/02\/nos-parcs-d-elevage-1-768x576.jpg 768w\" sizes=\"auto, (max-width: 1024px) 100vw, 1024px\" \/><figcaption class=\"wp-element-caption\">Nos parcs d\u2019\u00e9levage<\/figcaption><\/figure>\n\n\n\n<p><a href=\"file:\/\/\/home\/pascal\/www.huitres-cabelguen.com\/wp-content\/uploads\/2021\/06\/nos-parcs-d-elevage.jpg\"><\/a><\/p>\n\n\n\n<p><em>Nos parcs d\u2019\u00e9levage<\/em><\/p>\n\n\n\n<h3 class=\"wp-block-heading\">L\u2019\u00e9levage au parc :<\/h3>\n\n\n\n<p>Nous \u00e9levons nos&nbsp;<strong>hu\u00eetres creuses<\/strong>&nbsp;sur une p\u00e9riode de&nbsp;<strong>3 ans \u00e0 partir du naissain<\/strong>.&nbsp;L\u2019emplacement des&nbsp;<strong>parcs d\u2019\u00e9levage<\/strong>&nbsp;dans les forts courants entre la&nbsp;<strong>baie de&nbsp;Quiberon&nbsp;<\/strong>et l\u2019entr\u00e9e du&nbsp;<strong>Golfe du Morbihan<\/strong>, permet de proposer des&nbsp;<strong>hu\u00eetres charnues et iod\u00e9es<\/strong>. Ainsi, vous avez la&nbsp;garantie d\u2019une bonne&nbsp;<strong>qualit\u00e9 gustative et sanitaire des produits<\/strong>.<\/p>\n\n\n\n<p>Au cours de ces 3&nbsp;ann\u00e9es, les hu\u00eetres seront r\u00e9guli\u00e8rement manipul\u00e9es pour les accompagner dans leur croissance et ainsi leur donner une belle forme pour un bon d\u00e9veloppement. La derni\u00e8re ann\u00e9e, nous les pla\u00e7ons sur un parc de finition pour que l\u2019hu\u00eetre prenne toute sa saveur si particuli\u00e8re \u00e0 l\u2019hu\u00eetre CABELGUEN.<\/p>\n\n\n\n<h3 class=\"wp-block-heading\">La finition :<\/h3>\n\n\n\n<p>D\u00e8s que l\u2019\u00e9tape de croissance est achev\u00e9e, les hu\u00eetres sont alors lav\u00e9es, tri\u00e9es et calibr\u00e9es.<\/p>\n\n\n\n<figure class=\"wp-block-image size-full\"><img loading=\"lazy\" decoding=\"async\" width=\"550\" height=\"768\" src=\"https:\/\/huitres-cabelguen.com\/wp-content\/uploads\/2026\/02\/les-viviers-e1625560385601-1.jpg\" alt=\"Les viviers\" class=\"wp-image-976\" title=\"les-viviers\" srcset=\"https:\/\/huitres-cabelguen.com\/wp-content\/uploads\/2026\/02\/les-viviers-e1625560385601-1.jpg 550w, https:\/\/huitres-cabelguen.com\/wp-content\/uploads\/2026\/02\/les-viviers-e1625560385601-1-215x300.jpg 215w\" sizes=\"auto, (max-width: 550px) 100vw, 550px\" \/><figcaption class=\"wp-element-caption\">Les viviers<\/figcaption><\/figure>\n\n\n\n<p><a href=\"file:\/\/\/home\/pascal\/www.huitres-cabelguen.com\/wp-content\/uploads\/2021\/06\/les-viviers-e1625560385601.jpg\"><\/a><\/p>\n\n\n\n<p><a href=\"file:\/\/\/home\/pascal\/www.huitres-cabelguen.com\/wp-content\/uploads\/2021\/06\/notre-savoir-faire.jpg\"><\/a><\/p>\n\n\n\n<p><em>La pr\u00e9paration des commandes<\/em><\/p>\n\n\n\n<h3 class=\"wp-block-heading\">L\u2018acclimatation :<\/h3>\n\n\n\n<p>Apr\u00e8s la finition, l\u2019hu\u00eetre est plac\u00e9e dans des bassins qui d\u00e9couvrent \u00e0 chaque mar\u00e9e pour qu\u2019elle renforce&nbsp;le muscle qui lui permet de rester ferm\u00e9e le plus longtemps possible.<\/p>\n\n\n\n<p>Cette \u00e9tape est indispensable pour pr\u00e9parer vos hu\u00eetres \u00e0 voyager dans de bonnes conditions jusqu\u2019\u00e0 votre assiette.<\/p>\n\n\n\n<figure class=\"wp-block-image size-large\"><img loading=\"lazy\" decoding=\"async\" width=\"1024\" height=\"768\" src=\"https:\/\/huitres-cabelguen.com\/wp-content\/uploads\/2026\/02\/notre-savoir-faire-1-1024x768.jpg\" alt=\"Les viviers\" class=\"wp-image-977\" title=\"Producteurs d'hu\u00eetres dans le Golfe du Morbihan\" srcset=\"https:\/\/huitres-cabelguen.com\/wp-content\/uploads\/2026\/02\/notre-savoir-faire-1-1024x768.jpg 1024w, https:\/\/huitres-cabelguen.com\/wp-content\/uploads\/2026\/02\/notre-savoir-faire-1-300x225.jpg 300w, https:\/\/huitres-cabelguen.com\/wp-content\/uploads\/2026\/02\/notre-savoir-faire-1-768x576.jpg 768w, https:\/\/huitres-cabelguen.com\/wp-content\/uploads\/2026\/02\/notre-savoir-faire-1.jpg 1280w\" sizes=\"auto, (max-width: 1024px) 100vw, 1024px\" \/><figcaption class=\"wp-element-caption\">Les viviers<\/figcaption><\/figure>\n\n\n\n<h3 class=\"wp-block-heading\">La distribution<\/h3>\n\n\n\n<p>Voil\u00e0, les hu\u00eetres sont pr\u00eates pour l\u2019exp\u00e9dition et la <strong>vente directe<\/strong>, au d\u00e9tail, ou en bourriche.<\/p>\n\n\n\n<figure class=\"wp-block-image size-full\"><img loading=\"lazy\" decoding=\"async\" width=\"1024\" height=\"768\" src=\"https:\/\/huitres-cabelguen.com\/wp-content\/uploads\/2026\/02\/expedition-1.jpg\" alt=\"L\u2019exp\u00e9dition des produits\" class=\"wp-image-978\" title=\"Producteurs d'hu\u00eetres dans le Golfe du Morbihan\" srcset=\"https:\/\/huitres-cabelguen.com\/wp-content\/uploads\/2026\/02\/expedition-1.jpg 1024w, https:\/\/huitres-cabelguen.com\/wp-content\/uploads\/2026\/02\/expedition-1-300x225.jpg 300w, https:\/\/huitres-cabelguen.com\/wp-content\/uploads\/2026\/02\/expedition-1-768x576.jpg 768w\" sizes=\"auto, (max-width: 1024px) 100vw, 1024px\" \/><figcaption class=\"wp-element-caption\">L\u2019exp\u00e9dition des produits<\/figcaption><\/figure>\n\n\n\n<p><a href=\"file:\/\/\/home\/pascal\/www.huitres-cabelguen.com\/wp-content\/uploads\/2021\/06\/expedition.jpg\"><\/a><\/p>\n\n\n\n<p><\/p>\n","protected":false},"excerpt":{"rendered":"<p>Notre m\u00e9tier : un savoir-faire, un terroir et trois ans de patience Pour vous proposer une assiette d\u2019hu\u00eetres savoureuses, notre \u00e9quipe exp\u00e9riment\u00e9e \u00e0 un&nbsp;vrai savoir-faire&nbsp;qui lui permet d\u2019apporter une attention particuli\u00e8re \u00e0 toutes les \u00e9tapes de l\u2019\u00e9levage, en tenant compte des al\u00e9as climatiques, de la lutte contre les pr\u00e9dateurs et des gestes coutumiers. Notre terroir, [&hellip;]<\/p>\n","protected":false},"author":1,"featured_media":0,"parent":0,"menu_order":0,"comment_status":"closed","ping_status":"closed","template":"","meta":{"footnotes":""},"class_list":["post-898","page","type-page","status-publish","hentry"],"_hostinger_reach_plugin_has_subscription_block":false,"_hostinger_reach_plugin_is_elementor":false,"_links":{"self":[{"href":"https:\/\/huitres-cabelguen.com\/accueil\/wp-json\/wp\/v2\/pages\/898","targetHints":{"allow":["GET"]}}],"collection":[{"href":"https:\/\/huitres-cabelguen.com\/accueil\/wp-json\/wp\/v2\/pages"}],"about":[{"href":"https:\/\/huitres-cabelguen.com\/accueil\/wp-json\/wp\/v2\/types\/page"}],"author":[{"embeddable":true,"href":"https:\/\/huitres-cabelguen.com\/accueil\/wp-json\/wp\/v2\/users\/1"}],"replies":[{"embeddable":true,"href":"https:\/\/huitres-cabelguen.com\/accueil\/wp-json\/wp\/v2\/comments?post=898"}],"version-history":[{"count":3,"href":"https:\/\/huitres-cabelguen.com\/accueil\/wp-json\/wp\/v2\/pages\/898\/revisions"}],"predecessor-version":[{"id":979,"href":"https:\/\/huitres-cabelguen.com\/accueil\/wp-json\/wp\/v2\/pages\/898\/revisions\/979"}],"wp:attachment":[{"href":"https:\/\/huitres-cabelguen.com\/accueil\/wp-json\/wp\/v2\/media?parent=898"}],"curies":[{"name":"wp","href":"https:\/\/api.w.org\/{rel}","templated":true}]}}